{"id":4188,"date":"2021-12-10T04:28:21","date_gmt":"2021-12-10T03:28:21","guid":{"rendered":"https:\/\/www.voyagesimpressionnistes.com\/preprod\/legals\/"},"modified":"2024-03-19T09:46:28","modified_gmt":"2024-03-19T08:46:28","slug":"terms-conditions","status":"publish","type":"page","link":"https:\/\/voyagesimpressionnistes.com\/en\/terms-conditions\/","title":{"rendered":"Terms and conditions"},"content":{"rendered":"<div class=\"fusion-fullwidth fullwidth-box fusion-builder-row-1 fusion-flex-container nonhundred-percent-fullwidth non-hundred-percent-height-scrolling\" style=\"--awb-border-radius-top-left:0px;--awb-border-radius-top-right:0px;--awb-border-radius-bottom-right:0px;--awb-border-radius-bottom-left:0px;--awb-flex-wrap:wrap;\" ><div class=\"fusion-builder-row fusion-row fusion-flex-align-items-flex-start fusion-flex-content-wrap\" style=\"max-width:calc( 100% + 5vw );margin-left: calc(-5vw \/ 2 );margin-right: calc(-5vw \/ 2 );\"><div class=\"fusion-layout-column fusion_builder_column fusion-builder-column-0 fusion_builder_column_1_1 1_1 fusion-flex-column\" style=\"--awb-bg-size:cover;--awb-width-large:100%;--awb-margin-top-large:0px;--awb-spacing-right-large:2.5vw;--awb-margin-bottom-large:0px;--awb-spacing-left-large:2.5vw;--awb-width-medium:100%;--awb-spacing-right-medium:2.5vw;--awb-spacing-left-medium:2.5vw;--awb-width-small:100%;--awb-spacing-right-small:2.5vw;--awb-spacing-left-small:2.5vw;\"><div class=\"fusion-column-wrapper fusion-flex-justify-content-flex-start fusion-content-layout-column\"><div class=\"fusion-text fusion-text-1\"><h3>Website publishers<\/h3>\n<p>Normandy Tourist Board<br \/>\n14 rue Charles Corbeau<br \/>\n27000 \u00c9vreux<br \/>\nFrance<\/p>\n<p>Paris Region Tourist Board<br \/>\n11 Rue du Faubourg Poissonni\u00e8re<br \/>\n75009 Paris<br \/>\nFrance<\/p>\n<p>This website has been created with support from the French State (via the Fonds national d\u2019am\u00e9nagement et de d\u00e9veloppement du territoire)<\/p>\n<h3>Directors of the website publication<\/h3>\n<p>Michael Dodds, General Manager of the Comit\u00e9 r\u00e9gional de tourisme de Normandie<br \/>\nand<br \/>\nChristophe Decloux, General Manager of the Comit\u00e9 R\u00e9gional du Tourisme Paris \u00cele-de-France<\/p>\n<h3>Website hosting service<\/h3>\n<p>OVH<br \/>\n2 rue Kellermann<br \/>\n59100 Roubaix<\/p>\n<h3>Website design and creation<\/h3>\n<p>St\u00e9phane B\u00e9nard &amp; <a href=\"https:\/\/monsieurt.fr\" target=\"_blank\" rel=\"noopener\">Monsieur T<\/a><\/p>\n<p>Emails sent through this website are only kept for the duration of their processing. Rights to access and rectification can be exercised via the email address <a href=\"mailto:contact@voyagesimpressionnistes.com\">contact@voyagesimpressionnistes.com<\/a><\/p>\n<h3>Editorial team<\/h3>\n<p>Rapha\u00eblle Guillou, Nathalie Lecerf, Vinciane Laumonier<\/p>\n<h3>Copyright<\/h3>\n<p><strong>Home page \/ Header:<\/strong> <em>P\u00e9rissoires sur l\u2019Yerres (Boating on the Yerres)<\/em>, 1877, oil on canvas, 103.51cm x 155.89cm. Milwaukee Art Museum. Gift of the Milwaukee Journal Company in honour of Miss Faye McBeath M1965.25. \u00a9 photo John R. Glembin \u2013 Photo: Getty Images \/ Agence Bastille<\/p>\n<p><strong>Areas:<\/strong><\/p>\n<ul>\n<li>Paris &amp; Montmartre: Auguste Renoir, <em>Bal du moulin de la Galette<\/em>, 1876, Mus\u00e9e d\u2019Orsay, Paris \u00a9 photo RMN-Grand Palais (Mus\u00e9e d\u2019Orsay) \/ Patrice Schmidt<\/li>\n<li>Barbizon, its surrounds &amp; Yerres: Gustave Caillebotte, <em>Le parc de la propri\u00e9t\u00e9 \u00e0 Yerres<\/em>, 1875, collection particuli\u00e8re, \u00a9 Brame &amp; Lorenceau, Paris<\/li>\n<li>Along the banks of the Seine: Georges Pierre Seurat, <em>Un dimanche apr\u00e8s-midi \u00e0 la Grande Jatte (A Sunday on the Grande Jatte)<\/em>, 1884-86, The Art Institute of Chicago \u00a9 Bridgeman Images<\/li>\n<li>Auvers &amp; the Oise Valley: Vincent van Gogh, <em>Champ de bl\u00e9 aux corbeaux (Wheatfield with Crows)<\/em>, Juillet 1890, Van Gogh Museum, Amsterdam \u00a9 Bridgeman Images<\/li>\n<li>Giverny &amp; its surroundings: Claude Monet, <em>Le Bassin aux Nymph\u00e9as, harmonie verte<\/em>, 1899, Mus\u00e9e d\u2019Orsay, Paris \u00a9 photo RMN-Grand Palais (Mus\u00e9e d\u2019Orsay) \/ St\u00e9phane Mar\u00e9challe<\/li>\n<li>Rouen &amp; the Seine&#8217;s meanders: Claude Monet, <em>La Cath\u00e9drale de Rouen, le portail et la tour d\u2019Albane, temps gris<\/em>, 1894, Mus\u00e9e des Beaux-Arts, Rouen \u00a9 RMMRN \/ Mus\u00e9e des Beaux-Arts<\/li>\n<li>The Seine estuary: Claude Monet, <em>Impression, soleil levant<\/em>, 1872, Mus\u00e9e Marmottan Monet, Paris, \u00a9 SLB Christian Baraja<\/li>\n<li>The c\u00f4te d\u2019Alb\u00e2tre: Claude Monet, <em>\u00c9tretat, la Manneporte, reflets sur l\u2019eau<\/em>, vers 1885, Mus\u00e9e des Beaux-Arts, Caen, \u00a9 photo RMN-Grand Palais (Mus\u00e9e d\u2019Orsay) \/ Martine Beck-Coppola<\/li>\n<li>From Caen to the Cotentin: Jean-Fran\u00e7ois Millet, <em>L\u2019\u00e9glise de Gr\u00e9ville<\/em>, entre 1871 et 1874, Mus\u00e9e d\u2019Orsay, Paris, \u00a9 photo RMN-Grand Palais (Mus\u00e9e d\u2019Orsay) \/ St\u00e9phane Mar\u00e9challe<\/li>\n<\/ul>\n<p><strong>Inspirations \/ Header:<\/strong> Le restaurant Fournaise, Chatou @ Paris Region Tourist Board \/ Yasuhiro Ogawa<\/p>\n<p><strong>Agenda \/ Header:<\/strong> Mus\u00e9e d\u2019Art Moderne Andr\u00e9 Malraux (MuMa), \u00a9 Ludovic Maisant<\/p>\n<p><strong>Favourites \/ Header:<\/strong> Gustave Caillebotte, <em>Parterre de marguerites<\/em> (d\u00e9tail), vers 1893 &#8211; Giverny, Mus\u00e9e des Impressionnismes Giverny, acquis gr\u00e2ce \u00e0 la g\u00e9n\u00e9rosit\u00e9 de la Caisse des D\u00e9p\u00f4ts, de la Caisse d\u2019\u00c9pargne Normandie, de SNCF R\u00e9seau, de la Soci\u00e9t\u00e9 des amis du Mus\u00e9e des Impressionnismes Giverny et d\u2019une souscription publique, 2016, MDIG 2016.2.1 \u00e0 4 \u00a9 Giverny<\/p>\n<p><strong>To the heart of impressionism \/ Header:<\/strong> \u00a9 Max Coquard, Bestjobers &#8211; Eure Tourisme<\/p>\n<p><strong>To the heart of impressionism \/ Photos:<\/strong><\/p>\n<ul>\n<li>L\u2019\u00cele de la Jatte \u00a9 Paris Region Tourist Board \/ Yasuhiro Ogawa<\/li>\n<li>Giverny: Maison et Jardins Claude Monet, Giverny \u00a9 \u00c9ric B\u00e9nard<\/li>\n<li>Mus\u00e9e de l\u2019Orangerie \u00a9 F. Carovillano pour Ooshot \/ Paris Region Tourist Board<\/li>\n<li>Le restaurant Fournaise, Chatou \u00a9 Paris Region Tourist Board \/ Yasuhiro Ogawa<\/li>\n<\/ul>\n<h3>INTELLECTUAL PROPERTY \u2013 COPYRIGHT \u00a9 \u2013 LINKS<\/h3>\n<p><strong>REPRODUCTION IN PAPER FORMAT<\/strong><\/p>\n<p>Except for the iconography, the reproduction of pages from this website is authorised, subject to compliance with the following conditions:<\/p>\n<ul>\n<li>that distribution is free, but if this is not the case, then express permission is required;<\/li>\n<li>that the integrity of the documents reproduced is respected (no modification or alteration of any kind permitted);<\/li>\n<li>that the website <a href=\"https:\/\/voyagesimpressionnistes.com\/en\/\">voyagesimpressionnistes.com<\/a> is explicitly cited as the source and mention clearly stated that rights of reproduction are reserved and strictly limited.<\/li>\n<\/ul>\n<p><strong>REPRODUCTION IN ELECTRONIC FORMAT<\/strong><\/p>\n<p>The reproduction of all or part of this website in any electronic format is permitted subject to the addition, in clear, legible form, of the source <a href=\"https:\/\/voyagesimpressionnistes.com\/en\/\">voyagesimpressionnistes.com<\/a> and the mention \u201cRights reserved\u201d. Information taken from the website must only be used for personal, associative or professional purposes; any usage for commercial or advertising purposes is not allowed without express permission.<\/p>\n<p><strong>CREATING LINKS TO VOYAGESIMPRESSIONNISTES.COM<\/strong><\/p>\n<p>The website <a href=\"https:\/\/voyagesimpressionnistes.com\/en\/\">voyagesimpressionnistes.com<\/a> authorises the setting up of hypertext links towards its contents, subject to:<\/p>\n<ul>\n<li>not using the technique of deep linking, that\u2019s to say that the pages of the website <a href=\"https:\/\/voyagesimpressionnistes.com\/en\/\">voyagesimpressionnistes.com<\/a> should not be nested within the pages of another site, but made accessible through the opening of a window;<\/li>\n<li>mentioning the source that will direct users to the targeted content thanks to a hypertext link;<\/li>\n<\/ul>\n<p>Information taken from the website must only be used for personal, associative or professional purposes; any usage for commercial or advertising purposes is not allowed without express permission. This authorisation does not apply to any websites displaying information of a controversial, pornographic or xenophobic nature or liable to offend the feelings of the great majority of people.<\/p>\n<p>For any further uses, please consult us.<\/p>\n<h3>ACCURACY OF INFORMATION<\/h3>\n<p>Despite the care taken in creating this website using the latest techniques, including for the collecting of the information it contains, certain errors, omissions, inaccuracies, cuts or additions that are beyond our control may occur or arise on this website. The Normandy Tourist Board and the Paris Region Tourist Board cannot, therefore, be held liable, either expressly or implicity, for the website\u2019s entire content.<\/p>\n<p>Any user of this site and the information it contains acknowledges that he or she uses it at his or her own risk and that the Normandy Tourist Board and the Paris Region Tourist Board cannot, as a consequence, be held liable for any direct or indirect loss or damage of any kind whatsoever as a result of usage of some or all of the information contained on this website. In addition, the Normandy Tourist Board and the Paris Region Tourist Board cannot be held liable due to the nature of or the content of the websites referenced on the pages that follow, and in particular those for which access is made available through the use of hypertext links appearing on the pages of this website. In compliance with law n\u00b078-17 of 6 January 1978, you have the right to access and to rectify any personal data.<\/p>\n<h3><\/h3>\n<h3>General terms and conditions<\/h3>\n<p>The purpose of these general terms and conditions is to define the terms and forms of use by which users of the website <a href=\"https:\/\/voyagesimpressionnistes.com\/en\/\">voyagesimpressionnistes.com<\/a> are bound.<\/p>\n<p>These terms and conditions govern the overall relationship between the website and any user of the website.<\/p>\n<p>Any person accessing the website <a href=\"mailto:contact@voyagesimpressionnistes.com\">voyagesimpressionnistes.com<\/a> must, prior to consulting any information presented on the website, make himself or herself aware of these terms and conditions.<\/p>\n<p>The very fact of using this website therefore implies the user\u2019s acceptance of these terms and conditions.<\/p>\n<p>This website, along with all the elements making up its structure and contents (text, information, analyses, images, graphics\u2026), is governed by French and international law regarding copyright and intellectual property.<\/p>\n<p>These terms and conditions are governed by French law, regardless of where the website may be used.<\/p>\n<\/div><\/div><\/div><\/div><\/div>\n","protected":false},"excerpt":{"rendered":"","protected":false},"author":1,"featured_media":0,"parent":0,"menu_order":13,"comment_status":"closed","ping_status":"closed","template":"","meta":{"_acf_changed":false,"inline_featured_image":false,"footnotes":""},"class_list":["post-4188","page","type-page","status-publish","hentry"],"acf":[],"yoast_head":"<!-- This site is optimized with the Yoast SEO plugin v26.3 - https:\/\/yoast.com\/wordpress\/plugins\/seo\/ -->\n<title>Terms and conditions - Impressionist adventures<\/title>\n<meta name=\"robots\" content=\"noindex, follow\" \/>\n<meta property=\"og:locale\" content=\"en_US\" \/>\n<meta property=\"og:type\" content=\"article\" \/>\n<meta property=\"og:title\" content=\"Terms and conditions - Impressionist adventures\" \/>\n<meta property=\"og:url\" content=\"https:\/\/voyagesimpressionnistes.com\/en\/terms-conditions\/\" \/>\n<meta property=\"og:site_name\" content=\"Impressionist adventures\" \/>\n<meta property=\"article:publisher\" content=\"https:\/\/www.facebook.com\/LesVoyagesImpressionnistes\/\" \/>\n<meta property=\"article:modified_time\" content=\"2024-03-19T08:46:28+00:00\" \/>\n<meta property=\"og:image\" content=\"https:\/\/voyagesimpressionnistes.com\/wp-content\/uploads\/2021\/06\/vi-slider-default.jpg\" \/>\n\t<meta property=\"og:image:width\" content=\"1600\" \/>\n\t<meta property=\"og:image:height\" content=\"900\" \/>\n\t<meta property=\"og:image:type\" content=\"image\/jpeg\" \/>\n<meta name=\"twitter:card\" content=\"summary_large_image\" \/>\n<meta name=\"twitter:label1\" content=\"Est. reading time\" \/>\n\t<meta name=\"twitter:data1\" content=\"4 minutes\" \/>\n<script type=\"application\/ld+json\" class=\"yoast-schema-graph\">{\"@context\":\"https:\/\/schema.org\",\"@graph\":[{\"@type\":\"Article\",\"@id\":\"https:\/\/voyagesimpressionnistes.com\/en\/terms-conditions\/#article\",\"isPartOf\":{\"@id\":\"https:\/\/voyagesimpressionnistes.com\/en\/terms-conditions\/\"},\"author\":{\"name\":\"Tamatoa\",\"@id\":\"https:\/\/voyagesimpressionnistes.com\/en\/#\/schema\/person\/035f366ed0e97c1bd19bab56039685ab\"},\"headline\":\"Terms and conditions\",\"datePublished\":\"2021-12-10T03:28:21+00:00\",\"dateModified\":\"2024-03-19T08:46:28+00:00\",\"mainEntityOfPage\":{\"@id\":\"https:\/\/voyagesimpressionnistes.com\/en\/terms-conditions\/\"},\"wordCount\":1378,\"publisher\":{\"@id\":\"https:\/\/voyagesimpressionnistes.com\/en\/#organization\"},\"inLanguage\":\"en-US\"},{\"@type\":\"WebPage\",\"@id\":\"https:\/\/voyagesimpressionnistes.com\/en\/terms-conditions\/\",\"url\":\"https:\/\/voyagesimpressionnistes.com\/en\/terms-conditions\/\",\"name\":\"Terms and conditions - Impressionist adventures\",\"isPartOf\":{\"@id\":\"https:\/\/voyagesimpressionnistes.com\/en\/#website\"},\"datePublished\":\"2021-12-10T03:28:21+00:00\",\"dateModified\":\"2024-03-19T08:46:28+00:00\",\"inLanguage\":\"en-US\",\"potentialAction\":[{\"@type\":\"ReadAction\",\"target\":[\"https:\/\/voyagesimpressionnistes.com\/en\/terms-conditions\/\"]}]},{\"@type\":\"WebSite\",\"@id\":\"https:\/\/voyagesimpressionnistes.com\/en\/#website\",\"url\":\"https:\/\/voyagesimpressionnistes.com\/en\/\",\"name\":\"Impressionist adventures\",\"description\":\"Inspiring moments\",\"publisher\":{\"@id\":\"https:\/\/voyagesimpressionnistes.com\/en\/#organization\"},\"potentialAction\":[{\"@type\":\"SearchAction\",\"target\":{\"@type\":\"EntryPoint\",\"urlTemplate\":\"https:\/\/voyagesimpressionnistes.com\/en\/?s={search_term_string}\"},\"query-input\":{\"@type\":\"PropertyValueSpecification\",\"valueRequired\":true,\"valueName\":\"search_term_string\"}}],\"inLanguage\":\"en-US\"},{\"@type\":\"Organization\",\"@id\":\"https:\/\/voyagesimpressionnistes.com\/en\/#organization\",\"name\":\"Voyages Impressionnistes\",\"url\":\"https:\/\/voyagesimpressionnistes.com\/en\/\",\"logo\":{\"@type\":\"ImageObject\",\"inLanguage\":\"en-US\",\"@id\":\"https:\/\/voyagesimpressionnistes.com\/en\/#\/schema\/logo\/image\/\",\"url\":\"https:\/\/voyagesimpressionnistes.com\/wp-content\/uploads\/2021\/06\/vi-logo-507x216-1.svg\",\"contentUrl\":\"https:\/\/voyagesimpressionnistes.com\/wp-content\/uploads\/2021\/06\/vi-logo-507x216-1.svg\",\"width\":507,\"height\":216,\"caption\":\"Voyages Impressionnistes\"},\"image\":{\"@id\":\"https:\/\/voyagesimpressionnistes.com\/en\/#\/schema\/logo\/image\/\"},\"sameAs\":[\"https:\/\/www.facebook.com\/LesVoyagesImpressionnistes\/\"]},{\"@type\":\"Person\",\"@id\":\"https:\/\/voyagesimpressionnistes.com\/en\/#\/schema\/person\/035f366ed0e97c1bd19bab56039685ab\",\"name\":\"Tamatoa\",\"image\":{\"@type\":\"ImageObject\",\"inLanguage\":\"en-US\",\"@id\":\"https:\/\/voyagesimpressionnistes.com\/en\/#\/schema\/person\/image\/\",\"url\":\"https:\/\/secure.gravatar.com\/avatar\/f1b406ef7419dcc85670bbd1c709b89dd5d71584cdd9d0feeb51bf3e17698095?s=96&d=mm&r=g\",\"contentUrl\":\"https:\/\/secure.gravatar.com\/avatar\/f1b406ef7419dcc85670bbd1c709b89dd5d71584cdd9d0feeb51bf3e17698095?s=96&d=mm&r=g\",\"caption\":\"Tamatoa\"},\"sameAs\":[\"https:\/\/voyagesimpressionnistes.com\/preprod\"]}]}<\/script>\n<!-- \/ Yoast SEO plugin. -->","yoast_head_json":{"title":"Terms and conditions - Impressionist adventures","robots":{"index":"noindex","follow":"follow"},"og_locale":"en_US","og_type":"article","og_title":"Terms and conditions - Impressionist adventures","og_url":"https:\/\/voyagesimpressionnistes.com\/en\/terms-conditions\/","og_site_name":"Impressionist adventures","article_publisher":"https:\/\/www.facebook.com\/LesVoyagesImpressionnistes\/","article_modified_time":"2024-03-19T08:46:28+00:00","og_image":[{"width":1600,"height":900,"url":"https:\/\/voyagesimpressionnistes.com\/wp-content\/uploads\/2021\/06\/vi-slider-default.jpg","type":"image\/jpeg"}],"twitter_card":"summary_large_image","twitter_misc":{"Est. reading time":"4 minutes"},"schema":{"@context":"https:\/\/schema.org","@graph":[{"@type":"Article","@id":"https:\/\/voyagesimpressionnistes.com\/en\/terms-conditions\/#article","isPartOf":{"@id":"https:\/\/voyagesimpressionnistes.com\/en\/terms-conditions\/"},"author":{"name":"Tamatoa","@id":"https:\/\/voyagesimpressionnistes.com\/en\/#\/schema\/person\/035f366ed0e97c1bd19bab56039685ab"},"headline":"Terms and conditions","datePublished":"2021-12-10T03:28:21+00:00","dateModified":"2024-03-19T08:46:28+00:00","mainEntityOfPage":{"@id":"https:\/\/voyagesimpressionnistes.com\/en\/terms-conditions\/"},"wordCount":1378,"publisher":{"@id":"https:\/\/voyagesimpressionnistes.com\/en\/#organization"},"inLanguage":"en-US"},{"@type":"WebPage","@id":"https:\/\/voyagesimpressionnistes.com\/en\/terms-conditions\/","url":"https:\/\/voyagesimpressionnistes.com\/en\/terms-conditions\/","name":"Terms and conditions - Impressionist adventures","isPartOf":{"@id":"https:\/\/voyagesimpressionnistes.com\/en\/#website"},"datePublished":"2021-12-10T03:28:21+00:00","dateModified":"2024-03-19T08:46:28+00:00","inLanguage":"en-US","potentialAction":[{"@type":"ReadAction","target":["https:\/\/voyagesimpressionnistes.com\/en\/terms-conditions\/"]}]},{"@type":"WebSite","@id":"https:\/\/voyagesimpressionnistes.com\/en\/#website","url":"https:\/\/voyagesimpressionnistes.com\/en\/","name":"Impressionist adventures","description":"Inspiring moments","publisher":{"@id":"https:\/\/voyagesimpressionnistes.com\/en\/#organization"},"potentialAction":[{"@type":"SearchAction","target":{"@type":"EntryPoint","urlTemplate":"https:\/\/voyagesimpressionnistes.com\/en\/?s={search_term_string}"},"query-input":{"@type":"PropertyValueSpecification","valueRequired":true,"valueName":"search_term_string"}}],"inLanguage":"en-US"},{"@type":"Organization","@id":"https:\/\/voyagesimpressionnistes.com\/en\/#organization","name":"Voyages Impressionnistes","url":"https:\/\/voyagesimpressionnistes.com\/en\/","logo":{"@type":"ImageObject","inLanguage":"en-US","@id":"https:\/\/voyagesimpressionnistes.com\/en\/#\/schema\/logo\/image\/","url":"https:\/\/voyagesimpressionnistes.com\/wp-content\/uploads\/2021\/06\/vi-logo-507x216-1.svg","contentUrl":"https:\/\/voyagesimpressionnistes.com\/wp-content\/uploads\/2021\/06\/vi-logo-507x216-1.svg","width":507,"height":216,"caption":"Voyages Impressionnistes"},"image":{"@id":"https:\/\/voyagesimpressionnistes.com\/en\/#\/schema\/logo\/image\/"},"sameAs":["https:\/\/www.facebook.com\/LesVoyagesImpressionnistes\/"]},{"@type":"Person","@id":"https:\/\/voyagesimpressionnistes.com\/en\/#\/schema\/person\/035f366ed0e97c1bd19bab56039685ab","name":"Tamatoa","image":{"@type":"ImageObject","inLanguage":"en-US","@id":"https:\/\/voyagesimpressionnistes.com\/en\/#\/schema\/person\/image\/","url":"https:\/\/secure.gravatar.com\/avatar\/f1b406ef7419dcc85670bbd1c709b89dd5d71584cdd9d0feeb51bf3e17698095?s=96&d=mm&r=g","contentUrl":"https:\/\/secure.gravatar.com\/avatar\/f1b406ef7419dcc85670bbd1c709b89dd5d71584cdd9d0feeb51bf3e17698095?s=96&d=mm&r=g","caption":"Tamatoa"},"sameAs":["https:\/\/voyagesimpressionnistes.com\/preprod"]}]}},"jetpack_sharing_enabled":true,"_links":{"self":[{"href":"https:\/\/voyagesimpressionnistes.com\/en\/wp-json\/wp\/v2\/pages\/4188","targetHints":{"allow":["GET"]}}],"collection":[{"href":"https:\/\/voyagesimpressionnistes.com\/en\/wp-json\/wp\/v2\/pages"}],"about":[{"href":"https:\/\/voyagesimpressionnistes.com\/en\/wp-json\/wp\/v2\/types\/page"}],"author":[{"embeddable":true,"href":"https:\/\/voyagesimpressionnistes.com\/en\/wp-json\/wp\/v2\/users\/1"}],"replies":[{"embeddable":true,"href":"https:\/\/voyagesimpressionnistes.com\/en\/wp-json\/wp\/v2\/comments?post=4188"}],"version-history":[{"count":23,"href":"https:\/\/voyagesimpressionnistes.com\/en\/wp-json\/wp\/v2\/pages\/4188\/revisions"}],"predecessor-version":[{"id":8687,"href":"https:\/\/voyagesimpressionnistes.com\/en\/wp-json\/wp\/v2\/pages\/4188\/revisions\/8687"}],"wp:attachment":[{"href":"https:\/\/voyagesimpressionnistes.com\/en\/wp-json\/wp\/v2\/media?parent=4188"}],"curies":[{"name":"wp","href":"https:\/\/api.w.org\/{rel}","templated":true}]}}